{"id":59,"date":"2022-09-25T10:35:46","date_gmt":"2022-09-25T10:35:46","guid":{"rendered":"https:\/\/psychoterapeutakrosno.pl\/?page_id=59"},"modified":"2025-07-13T13:07:10","modified_gmt":"2025-07-13T11:07:10","slug":"o-mnie","status":"publish","type":"page","link":"https:\/\/psychoterapeutakrosno.pl\/index.php\/o-mnie\/","title":{"rendered":"O mnie"},"content":{"rendered":"\t\t<div data-elementor-type=\"wp-page\" data-elementor-id=\"59\" class=\"elementor elementor-59\">\n\t\t\t\t\t\t<section class=\"elementor-section elementor-top-section elementor-element elementor-element-357452ef elementor-section-height-min-height elementor-section-items-stretch elementor-section-boxed elementor-section-height-default\" data-id=\"357452ef\" data-element_type=\"section\" data-settings=\"{&quot;background_background&quot;:&quot;classic&quot;}\">\n\t\t\t\t\t\t\t<div class=\"elementor-background-overlay\"><\/div>\n\t\t\t\t\t\t\t<div class=\"elementor-container elementor-column-gap-default\">\n\t\t\t\t\t<div class=\"elementor-column elementor-col-100 elementor-top-column elementor-element elementor-element-15bcea34\" data-id=\"15bcea34\" data-element_type=\"column\">\n\t\t\t<div class=\"elementor-widget-wrap elementor-element-populated\">\n\t\t\t\t\t\t<div class=\"elementor-element elementor-element-4be3ebf3 animated-slow elementor-invisible elementor-widget elementor-widget-heading\" data-id=\"4be3ebf3\" data-element_type=\"widget\" data-settings=\"{&quot;_animation&quot;:&quot;fadeIn&quot;}\" data-widget_type=\"heading.default\">\n\t\t\t\t<div class=\"elementor-widget-container\">\n\t\t\t\t\t<h1 class=\"elementor-heading-title elementor-size-default\">Kilka s\u0142\u00f3w o mnie...<\/h1>\t\t\t\t<\/div>\n\t\t\t\t<\/div>\n\t\t\t\t<section class=\"elementor-section elementor-inner-section elementor-element elementor-element-72386d46 elementor-section-boxed elementor-section-height-default elementor-section-height-default\" data-id=\"72386d46\" data-element_type=\"section\">\n\t\t\t\t\t\t<div class=\"elementor-container elementor-column-gap-default\">\n\t\t\t\t\t<div class=\"elementor-column elementor-col-50 elementor-inner-column elementor-element elementor-element-3dd59101\" data-id=\"3dd59101\" data-element_type=\"column\">\n\t\t\t<div class=\"elementor-widget-wrap elementor-element-populated\">\n\t\t\t\t\t\t<div class=\"elementor-element elementor-element-78513ea2 elementor-invisible elementor-widget elementor-widget-text-editor\" data-id=\"78513ea2\" data-element_type=\"widget\" data-settings=\"{&quot;_animation&quot;:&quot;fadeInLeft&quot;}\" data-widget_type=\"text-editor.default\">\n\t\t\t\t<div class=\"elementor-widget-container\">\n\t\t\t\t\t\t\t\t\t<p>Nazywam si\u0119 Marlena Witkowska.\u00a0Jestem psychologiem<br \/>i certyfikowanym psychoterapeut\u0105 poznawczo-behawioralnym &#8211; nr certyfikatu 1770<span style=\"font-size: 15px; letter-spacing: -0.3px;\">. Przynale\u017c\u0119 do Polskiego Towarzystwa Terapii Poznawczej\u00a0<\/span><span style=\"font-size: 15px; letter-spacing: -0.3px;\">i Behawioralnej. Stale podnosz\u0119 swoje kwalifikacje, bior\u0105c udzia\u0142 w licznych szkoleniach. Swoj\u0105 prac\u0119 terapeutyczn\u0105 poddaj\u0119 systematycznej superwizji.<\/span><\/p><p>\u00a0W trakcie terapii, moim zadaniem jest dostarczenie Ci narz\u0119dzi, aby\u015b lepiej radzi\u0142\/radzi\u0142a sobie z trudno\u015bciami. <br \/>Do ka\u017cdego pacjenta podchodz\u0119 indywidualnie, wyznaj\u0105c zasad\u0119, \u017ce jego dobro i komfort s\u0105 najwa\u017cniejsze. Staram si\u0119, aby panuj\u0105ca w gabinecie atmosfera, umo\u017cliwi\u0142a mi i Tobie nawi\u0105zanie relacji, opartej na empatii i wzajemnym zaufaniu.<\/p><p>Opr\u00f3cz prowadzenia prywatnego gabinetu, pracuj\u0119 z m\u0142odzie\u017c\u0105 w Zespole Szk\u00f3\u0142 Gastronomiczno-Hotelarskich<br \/>w Iwoniczu-Zdroju, do kt\u00f3rego przynale\u017cy tak\u017ce Specjalny O\u015brodek Szkolno-Wychowawczy. Swoje do\u015bwiadczenie zawodowe zdobywa\u0142am pracuj\u0105c m.in. w Wojew\u00f3dzkim Szpitalu Podkarpackim im. Jana Paw\u0142a II w Kro\u015bnie, <br \/>w Miejskim Zespole Szk\u00f3\u0142 Nr 6 w Kro\u015bnie. <br \/>Posiadam do\u015bwiadczenie w pracy terapeutycznej z dzie\u0107mi, m\u0142odzie\u017c\u0105 i osobami doros\u0142ymi.<\/p><p>Zapraszam Ci\u0119 do zapoznania si\u0119 z oferowanymi przeze mnie us\u0142ugami oraz do zajrzenia na m\u00f3j profil na portalu &#8222;Znany Lekarz&#8221;.<\/p>\t\t\t\t\t\t\t\t<\/div>\n\t\t\t\t<\/div>\n\t\t\t\t<div class=\"elementor-element elementor-element-d672aaa elementor-align-center elementor-mobile-align-center elementor-invisible elementor-widget elementor-widget-button\" data-id=\"d672aaa\" data-element_type=\"widget\" data-settings=\"{&quot;_animation&quot;:&quot;fadeInLeft&quot;}\" data-widget_type=\"button.default\">\n\t\t\t\t<div class=\"elementor-widget-container\">\n\t\t\t\t\t\t\t\t\t<div class=\"elementor-button-wrapper\">\n\t\t\t\t\t<a class=\"elementor-button elementor-button-link elementor-size-sm elementor-animation-shrink\" href=\"https:\/\/psychoterapeutakrosno.pl\/index.php\/uslugi\/\">\n\t\t\t\t\t\t<span class=\"elementor-button-content-wrapper\">\n\t\t\t\t\t\t\t\t\t<span class=\"elementor-button-text\">Us\u0142ugi<\/span>\n\t\t\t\t\t<\/span>\n\t\t\t\t\t<\/a>\n\t\t\t\t<\/div>\n\t\t\t\t\t\t\t\t<\/div>\n\t\t\t\t<\/div>\n\t\t\t\t<div class=\"elementor-element elementor-element-4f79a96 elementor-align-center elementor-invisible elementor-widget elementor-widget-button\" data-id=\"4f79a96\" data-element_type=\"widget\" data-settings=\"{&quot;_animation&quot;:&quot;fadeInLeft&quot;}\" data-widget_type=\"button.default\">\n\t\t\t\t<div class=\"elementor-widget-container\">\n\t\t\t\t\t\t\t\t\t<div class=\"elementor-button-wrapper\">\n\t\t\t\t\t<a class=\"elementor-button elementor-button-link elementor-size-sm elementor-animation-shrink\" href=\"https:\/\/www.znanylekarz.pl\/marlena-orlinska\/psycholog-psychoterapeuta\/krosno\" target=\"_blank\">\n\t\t\t\t\t\t<span class=\"elementor-button-content-wrapper\">\n\t\t\t\t\t\t\t\t\t<span class=\"elementor-button-text\">Znany lekarz<\/span>\n\t\t\t\t\t<\/span>\n\t\t\t\t\t<\/a>\n\t\t\t\t<\/div>\n\t\t\t\t\t\t\t\t<\/div>\n\t\t\t\t<\/div>\n\t\t\t\t\t<\/div>\n\t\t<\/div>\n\t\t\t\t<div class=\"elementor-column elementor-col-50 elementor-inner-column elementor-element elementor-element-d3ecd2a\" data-id=\"d3ecd2a\" data-element_type=\"column\">\n\t\t\t<div class=\"elementor-widget-wrap elementor-element-populated\">\n\t\t\t\t\t\t<div class=\"elementor-element elementor-element-e8f5ce9 e-transform elementor-widget__width-initial elementor-invisible elementor-widget elementor-widget-image\" data-id=\"e8f5ce9\" data-element_type=\"widget\" data-settings=\"{&quot;_animation&quot;:&quot;fadeInRight&quot;,&quot;_transform_translateX_effect&quot;:{&quot;unit&quot;:&quot;px&quot;,&quot;size&quot;:&quot;&quot;,&quot;sizes&quot;:[]},&quot;_transform_translateX_effect_tablet&quot;:{&quot;unit&quot;:&quot;px&quot;,&quot;size&quot;:&quot;&quot;,&quot;sizes&quot;:[]},&quot;_transform_translateX_effect_mobile&quot;:{&quot;unit&quot;:&quot;px&quot;,&quot;size&quot;:&quot;&quot;,&quot;sizes&quot;:[]},&quot;_transform_translateY_effect&quot;:{&quot;unit&quot;:&quot;px&quot;,&quot;size&quot;:&quot;&quot;,&quot;sizes&quot;:[]},&quot;_transform_translateY_effect_tablet&quot;:{&quot;unit&quot;:&quot;px&quot;,&quot;size&quot;:&quot;&quot;,&quot;sizes&quot;:[]},&quot;_transform_translateY_effect_mobile&quot;:{&quot;unit&quot;:&quot;px&quot;,&quot;size&quot;:&quot;&quot;,&quot;sizes&quot;:[]}}\" data-widget_type=\"image.default\">\n\t\t\t\t<div class=\"elementor-widget-container\">\n\t\t\t\t\t\t\t\t\t\t\t\t<figure class=\"wp-caption\">\n\t\t\t\t\t\t\t\t\t\t<img fetchpriority=\"high\" decoding=\"async\" width=\"722\" height=\"1024\" src=\"https:\/\/psychoterapeutakrosno.pl\/wp-content\/uploads\/2022\/09\/1662391787122-722x1024.jpeg\" class=\"attachment-large size-large wp-image-170\" alt=\"\" srcset=\"https:\/\/psychoterapeutakrosno.pl\/wp-content\/uploads\/2022\/09\/1662391787122-722x1024.jpeg 722w, https:\/\/psychoterapeutakrosno.pl\/wp-content\/uploads\/2022\/09\/1662391787122-211x300.jpeg 211w, https:\/\/psychoterapeutakrosno.pl\/wp-content\/uploads\/2022\/09\/1662391787122-768x1090.jpeg 768w, https:\/\/psychoterapeutakrosno.pl\/wp-content\/uploads\/2022\/09\/1662391787122-1083x1536.jpeg 1083w, https:\/\/psychoterapeutakrosno.pl\/wp-content\/uploads\/2022\/09\/1662391787122-1443x2048.jpeg 1443w, https:\/\/psychoterapeutakrosno.pl\/wp-content\/uploads\/2022\/09\/1662391787122-scaled.jpeg 1804w\" sizes=\"(max-width: 722px) 100vw, 722px\" \/>\t\t\t\t\t\t\t\t\t\t\t<figcaption class=\"widget-image-caption wp-caption-text\"><\/figcaption>\n\t\t\t\t\t\t\t\t\t\t<\/figure>\n\t\t\t\t\t\t\t\t\t<\/div>\n\t\t\t\t<\/div>\n\t\t\t\t\t<\/div>\n\t\t<\/div>\n\t\t\t\t\t<\/div>\n\t\t<\/section>\n\t\t\t\t\t<\/div>\n\t\t<\/div>\n\t\t\t\t\t<\/div>\n\t\t<\/section>\n\t\t\t\t<section class=\"elementor-section elementor-top-section elementor-element elementor-element-746e5f3e elementor-section-boxed elementor-section-height-default elementor-section-height-default\" data-id=\"746e5f3e\" data-element_type=\"section\">\n\t\t\t\t\t\t<div class=\"elementor-container elementor-column-gap-default\">\n\t\t\t\t\t<div class=\"elementor-column elementor-col-100 elementor-top-column elementor-element elementor-element-4de90d0\" data-id=\"4de90d0\" data-element_type=\"column\">\n\t\t\t<div class=\"elementor-widget-wrap elementor-element-populated\">\n\t\t\t\t\t\t<div class=\"elementor-element elementor-element-4d060523 elementor-widget elementor-widget-text-editor\" data-id=\"4d060523\" data-element_type=\"widget\" data-widget_type=\"text-editor.default\">\n\t\t\t\t<div class=\"elementor-widget-container\">\n\t\t\t\t\t\t\t\t\t<p>\u00a9 Gabinet Psychoterapii Marlena Witkowska. All Rights Reserved<\/p>\t\t\t\t\t\t\t\t<\/div>\n\t\t\t\t<\/div>\n\t\t\t\t<div class=\"elementor-element elementor-element-9ecd063 elementor-align-center elementor-widget elementor-widget-button\" data-id=\"9ecd063\" data-element_type=\"widget\" data-widget_type=\"button.default\">\n\t\t\t\t<div class=\"elementor-widget-container\">\n\t\t\t\t\t\t\t\t\t<div class=\"elementor-button-wrapper\">\n\t\t\t\t\t<a class=\"elementor-button elementor-button-link elementor-size-xs elementor-animation-shrink\" href=\"https:\/\/psychoterapeutakrosno.pl\/wp-content\/uploads\/2025\/02\/POLITYKA-OCHRONY-DANYCH.pdf\">\n\t\t\t\t\t\t<span class=\"elementor-button-content-wrapper\">\n\t\t\t\t\t\t\t\t\t<span class=\"elementor-button-text\">Polityka Ochrony Danych Osobowych<\/span>\n\t\t\t\t\t<\/span>\n\t\t\t\t\t<\/a>\n\t\t\t\t<\/div>\n\t\t\t\t\t\t\t\t<\/div>\n\t\t\t\t<\/div>\n\t\t\t\t<div class=\"elementor-element elementor-element-fc334b1 elementor-widget elementor-widget-spacer\" data-id=\"fc334b1\" data-element_type=\"widget\" data-widget_type=\"spacer.default\">\n\t\t\t\t<div class=\"elementor-widget-container\">\n\t\t\t\t\t\t\t<div class=\"elementor-spacer\">\n\t\t\t<div class=\"elementor-spacer-inner\"><\/div>\n\t\t<\/div>\n\t\t\t\t\t\t<\/div>\n\t\t\t\t<\/div>\n\t\t\t\t<div class=\"elementor-element elementor-element-fedd238 elementor-align-center elementor-widget elementor-widget-button\" data-id=\"fedd238\" data-element_type=\"widget\" data-widget_type=\"button.default\">\n\t\t\t\t<div class=\"elementor-widget-container\">\n\t\t\t\t\t\t\t\t\t<div class=\"elementor-button-wrapper\">\n\t\t\t\t\t<a class=\"elementor-button elementor-button-link elementor-size-sm\" href=\"https:\/\/psychoterapeutakrosno.pl\/wp-content\/uploads\/2025\/07\/standardy-ochrony-maloletnich.pdf\">\n\t\t\t\t\t\t<span class=\"elementor-button-content-wrapper\">\n\t\t\t\t\t\t\t\t\t<span class=\"elementor-button-text\">Standardy Ochrony Ma\u0142oletnich<\/span>\n\t\t\t\t\t<\/span>\n\t\t\t\t\t<\/a>\n\t\t\t\t<\/div>\n\t\t\t\t\t\t\t\t<\/div>\n\t\t\t\t<\/div>\n\t\t\t\t<div class=\"elementor-element elementor-element-4c32857 elementor-widget elementor-widget-spacer\" data-id=\"4c32857\" data-element_type=\"widget\" data-widget_type=\"spacer.default\">\n\t\t\t\t<div class=\"elementor-widget-container\">\n\t\t\t\t\t\t\t<div class=\"elementor-spacer\">\n\t\t\t<div class=\"elementor-spacer-inner\"><\/div>\n\t\t<\/div>\n\t\t\t\t\t\t<\/div>\n\t\t\t\t<\/div>\n\t\t\t\t<div class=\"elementor-element elementor-element-b7b1845 elementor-align-center elementor-widget elementor-widget-button\" data-id=\"b7b1845\" data-element_type=\"widget\" data-widget_type=\"button.default\">\n\t\t\t\t<div class=\"elementor-widget-container\">\n\t\t\t\t\t\t\t\t\t<div class=\"elementor-button-wrapper\">\n\t\t\t\t\t<a class=\"elementor-button elementor-button-link elementor-size-sm\" href=\"https:\/\/psychoterapeutakrosno.pl\/wp-content\/uploads\/2025\/07\/standardy-ochrony-maloletnich-wersja-skrocona.pdf\">\n\t\t\t\t\t\t<span class=\"elementor-button-content-wrapper\">\n\t\t\t\t\t\t\t\t\t<span class=\"elementor-button-text\">Standardy Ochrony Ma\u0142oletnich - wersja skr\u00f3cona<\/span>\n\t\t\t\t\t<\/span>\n\t\t\t\t\t<\/a>\n\t\t\t\t<\/div>\n\t\t\t\t\t\t\t\t<\/div>\n\t\t\t\t<\/div>\n\t\t\t\t\t<\/div>\n\t\t<\/div>\n\t\t\t\t\t<\/div>\n\t\t<\/section>\n\t\t\t\t<\/div>\n\t\t","protected":false},"excerpt":{"rendered":"<p>Kilka s\u0142\u00f3w o mnie&#8230; Nazywam si\u0119 Marlena Witkowska.\u00a0Jestem psychologiemi certyfikowanym psychoterapeut\u0105 poznawczo-behawioralnym &#8211; nr certyfikatu 1770. Przynale\u017c\u0119 do Polskiego Towarzystwa Terapii Poznawczej\u00a0i Behawioralnej. Stale podnosz\u0119 swoje kwalifikacje, bior\u0105c udzia\u0142 w licznych szkoleniach. Swoj\u0105 prac\u0119 terapeutyczn\u0105 poddaj\u0119 systematycznej superwizji. \u00a0W trakcie terapii, moim zadaniem jest dostarczenie Ci narz\u0119dzi, aby\u015b lepiej radzi\u0142\/radzi\u0142a sobie z trudno\u015bciami. Do ka\u017cdego [&hellip;]<\/p>\n","protected":false},"author":1,"featured_media":0,"parent":0,"menu_order":0,"comment_status":"closed","ping_status":"closed","template":"","meta":{"ocean_post_layout":"full-screen","ocean_both_sidebars_style":"","ocean_both_sidebars_content_width":0,"ocean_both_sidebars_sidebars_width":0,"ocean_sidebar":"0","ocean_second_sidebar":"0","ocean_disable_margins":"enable","ocean_add_body_class":"","ocean_shortcode_before_top_bar":"","ocean_shortcode_after_top_bar":"","ocean_shortcode_before_header":"","ocean_shortcode_after_header":"","ocean_has_shortcode":"","ocean_shortcode_after_title":"","ocean_shortcode_before_footer_widgets":"","ocean_shortcode_after_footer_widgets":"","ocean_shortcode_before_footer_bottom":"","ocean_shortcode_after_footer_bottom":"","ocean_display_top_bar":"off","ocean_display_header":"default","ocean_header_style":"","ocean_center_header_left_menu":"0","ocean_custom_header_template":"0","ocean_custom_logo":0,"ocean_custom_retina_logo":0,"ocean_custom_logo_max_width":0,"ocean_custom_logo_tablet_max_width":0,"ocean_custom_logo_mobile_max_width":0,"ocean_custom_logo_max_height":0,"ocean_custom_logo_tablet_max_height":0,"ocean_custom_logo_mobile_max_height":0,"ocean_header_custom_menu":"0","ocean_menu_typo_font_family":"0","ocean_menu_typo_font_subset":"","ocean_menu_typo_font_size":0,"ocean_menu_typo_font_size_tablet":0,"ocean_menu_typo_font_size_mobile":0,"ocean_menu_typo_font_size_unit":"px","ocean_menu_typo_font_weight":"","ocean_menu_typo_font_weight_tablet":"","ocean_menu_typo_font_weight_mobile":"","ocean_menu_typo_transform":"","ocean_menu_typo_transform_tablet":"","ocean_menu_typo_transform_mobile":"","ocean_menu_typo_line_height":0,"ocean_menu_typo_line_height_tablet":0,"ocean_menu_typo_line_height_mobile":0,"ocean_menu_typo_line_height_unit":"","ocean_menu_typo_spacing":0,"ocean_menu_typo_spacing_tablet":0,"ocean_menu_typo_spacing_mobile":0,"ocean_menu_typo_spacing_unit":"","ocean_menu_link_color":"","ocean_menu_link_color_hover":"","ocean_menu_link_color_active":"","ocean_menu_link_background":"","ocean_menu_link_hover_background":"","ocean_menu_link_active_background":"","ocean_menu_social_links_bg":"","ocean_menu_social_hover_links_bg":"","ocean_menu_social_links_color":"","ocean_menu_social_hover_links_color":"","ocean_disable_title":"on","ocean_disable_heading":"default","ocean_post_title":"","ocean_post_subheading":"","ocean_post_title_style":"","ocean_post_title_background_color":"","ocean_post_title_background":0,"ocean_post_title_bg_image_position":"","ocean_post_title_bg_image_attachment":"","ocean_post_title_bg_image_repeat":"","ocean_post_title_bg_image_size":"","ocean_post_title_height":0,"ocean_post_title_bg_overlay":0.5,"ocean_post_title_bg_overlay_color":"","ocean_disable_breadcrumbs":"default","ocean_breadcrumbs_color":"","ocean_breadcrumbs_separator_color":"","ocean_breadcrumbs_links_color":"","ocean_breadcrumbs_links_hover_color":"","ocean_display_footer_widgets":"off","ocean_display_footer_bottom":"off","ocean_custom_footer_template":"0","footnotes":""},"class_list":["post-59","page","type-page","status-publish","hentry","entry"],"_links":{"self":[{"href":"https:\/\/psychoterapeutakrosno.pl\/index.php\/wp-json\/wp\/v2\/pages\/59","targetHints":{"allow":["GET"]}}],"collection":[{"href":"https:\/\/psychoterapeutakrosno.pl\/index.php\/wp-json\/wp\/v2\/pages"}],"about":[{"href":"https:\/\/psychoterapeutakrosno.pl\/index.php\/wp-json\/wp\/v2\/types\/page"}],"author":[{"embeddable":true,"href":"https:\/\/psychoterapeutakrosno.pl\/index.php\/wp-json\/wp\/v2\/users\/1"}],"replies":[{"embeddable":true,"href":"https:\/\/psychoterapeutakrosno.pl\/index.php\/wp-json\/wp\/v2\/comments?post=59"}],"version-history":[{"count":109,"href":"https:\/\/psychoterapeutakrosno.pl\/index.php\/wp-json\/wp\/v2\/pages\/59\/revisions"}],"predecessor-version":[{"id":924,"href":"https:\/\/psychoterapeutakrosno.pl\/index.php\/wp-json\/wp\/v2\/pages\/59\/revisions\/924"}],"wp:attachment":[{"href":"https:\/\/psychoterapeutakrosno.pl\/index.php\/wp-json\/wp\/v2\/media?parent=59"}],"curies":[{"name":"wp","href":"https:\/\/api.w.org\/{rel}","templated":true}]}}